{"id":3488,"date":"2025-07-21T14:33:19","date_gmt":"2025-07-21T12:33:19","guid":{"rendered":"https:\/\/www.striker-ball.com\/?page_id=3488"},"modified":"2025-07-21T16:01:17","modified_gmt":"2025-07-21T14:01:17","slug":"mentions-legales","status":"publish","type":"page","link":"https:\/\/www.striker-ball.com\/?page_id=3488","title":{"rendered":"Mentions L\u00e9gales"},"content":{"rendered":"\t\t<div data-elementor-type=\"wp-page\" data-elementor-id=\"3488\" class=\"elementor elementor-3488\">\n\t\t\t\t<div class=\"elementor-element elementor-element-bf2414a e-grid e-con-boxed e-con e-parent\" data-id=\"bf2414a\" data-element_type=\"container\" data-settings=\"{&quot;_ha_eqh_enable&quot;:false}\">\n\t\t\t\t\t<div class=\"e-con-inner\">\n\t\t\t\t<div class=\"elementor-element elementor-element-2358340 elementor-widget elementor-widget-image\" data-id=\"2358340\" data-element_type=\"widget\" data-widget_type=\"image.default\">\n\t\t\t\t<div class=\"elementor-widget-container\">\n\t\t\t\t\t\t\t\t\t\t\t\t\t\t\t\t<a href=\"https:\/\/www.striker-ball.com\/\">\n\t\t\t\t\t\t\t<img decoding=\"async\" width=\"112\" height=\"84\" src=\"https:\/\/www.striker-ball.com\/wp-content\/uploads\/2021\/12\/cropped-Logo-2-transparent-1-e1639140556266.png\" class=\"attachment-large size-large wp-image-98\" alt=\"\" \/>\t\t\t\t\t\t\t\t<\/a>\n\t\t\t\t\t\t\t\t\t\t\t\t\t\t\t<\/div>\n\t\t\t\t<\/div>\n\t\t\t\t<div class=\"elementor-element elementor-element-399745f elementor-widget__width-inherit eael_simple_menu_hamburger_disable_selected_menu_no eael-simple-menu-hamburger-align-right eael-hamburger--tablet elementor-widget elementor-widget-eael-simple-menu\" data-id=\"399745f\" data-element_type=\"widget\" data-settings=\"{&quot;ha_floating_fx&quot;:&quot;yes&quot;}\" data-widget_type=\"eael-simple-menu.default\">\n\t\t\t\t<div class=\"elementor-widget-container\">\n\t\t\t\t\t<style>\n                        @media screen and (max-width: 1024px) {\n                            .eael-hamburger--tablet {\n                                .eael-simple-menu-horizontal,\n                                .eael-simple-menu-vertical {\n                                    display: none;\n                                }\n                            }\n                            .eael-hamburger--tablet {\n                                .eael-simple-menu-container .eael-simple-menu-toggle {\n                                    display: block;\n                                }\n                            }\n                        }\n                    <\/style>            <div data-hamburger-icon=\"&lt;i aria-hidden=&quot;true&quot; class=&quot;fas fa-bars&quot;&gt;&lt;\/i&gt;\" data-indicator-icon=\"&lt;i aria-hidden=&quot;true&quot; class=&quot;fas fa-angle-down&quot;&gt;&lt;\/i&gt;\" data-dropdown-indicator-icon=\"&lt;i class=&quot;fas fa-angle-down&quot;&gt;&lt;\/i&gt;\" class=\"eael-simple-menu-container eael-simple-menu-align-right eael-simple-menu-dropdown-align-left preset-1\" data-hamburger-breakpoints=\"{&quot;mobile&quot;:&quot;Portrait mobile (&gt; 767px)&quot;,&quot;tablet&quot;:&quot;Tablette en mode portrait (&gt; 1024px)&quot;,&quot;desktop&quot;:&quot;Desktop (&gt; 2400px)&quot;,&quot;none&quot;:&quot;None&quot;}\" data-hamburger-device=\"tablet\">\n                <ul id=\"menu-menu-striker-ball-2025\" class=\"eael-simple-menu eael-simple-menu-dropdown-animate-zoom-in eael-simple-menu-indicator eael-simple-menu-horizontal\"><li id=\"menu-item-3426\" class=\"menu-item menu-item-type-custom menu-item-object-custom menu-item-home menu-item-has-children menu-item-3426\"><a href=\"https:\/\/www.striker-ball.com\/\">Activations<\/a>\n<ul class=\"sub-menu\">\n\t<li id=\"menu-item-3220\" class=\"menu-item menu-item-type-custom menu-item-object-custom menu-item-3220\"><a href=\"https:\/\/www.striker-ball.com\/?page_id=3213\">La Rampe<\/a><\/li>\n\t<li id=\"menu-item-2841\" class=\"menu-item menu-item-type-custom menu-item-object-custom menu-item-2841\"><a href=\"https:\/\/www.striker-ball.com\/?page_id=2939\">Striker Arc<\/a><\/li>\n\t<li id=\"menu-item-3061\" class=\"menu-item menu-item-type-custom menu-item-object-custom menu-item-3061\"><a href=\"https:\/\/www.striker-ball.com\/?page_id=2946\">La rampe ultime<\/a><\/li>\n\t<li id=\"menu-item-3062\" class=\"menu-item menu-item-type-custom menu-item-object-custom menu-item-3062\"><a href=\"https:\/\/www.striker-ball.com\/?page_id=2741\">Les Cibles<\/a><\/li>\n\t<li id=\"menu-item-3063\" class=\"menu-item menu-item-type-custom menu-item-object-custom menu-item-3063\"><a href=\"https:\/\/www.striker-ball.com\/?page_id=2781\">Le Balancier<\/a><\/li>\n\t<li id=\"menu-item-3064\" class=\"menu-item menu-item-type-custom menu-item-object-custom menu-item-3064\"><a href=\"https:\/\/www.striker-ball.com\/?page_id=2739\">Le Radar<\/a><\/li>\n\t<li id=\"menu-item-3065\" class=\"menu-item menu-item-type-custom menu-item-object-custom menu-item-3065\"><a href=\"https:\/\/www.striker-ball.com\/?page_id=2747\">Les Planches<\/a><\/li>\n\t<li id=\"menu-item-3066\" class=\"menu-item menu-item-type-custom menu-item-object-custom menu-item-3066\"><a href=\"https:\/\/www.striker-ball.com\/?page_id=2749\">Les Pods<\/a><\/li>\n\t<li id=\"menu-item-3067\" class=\"menu-item menu-item-type-custom menu-item-object-custom menu-item-3067\"><a href=\"https:\/\/www.striker-ball.com\/?page_id=2743\">Footgolf<\/a><\/li>\n<\/ul>\n<\/li>\n<li id=\"menu-item-3435\" class=\"menu-item menu-item-type-custom menu-item-object-custom menu-item-3435\"><a href=\"https:\/\/www.striker-ball.com\/?page_id=3430\">Actualit\u00e9s<\/a><\/li>\n<li id=\"menu-item-3343\" class=\"menu-item menu-item-type-custom menu-item-object-custom menu-item-3343\"><a href=\"https:\/\/www.striker-ball.com\/?page_id=3341\">\u00c0 propos<\/a><\/li>\n<li id=\"menu-item-3340\" class=\"menu-item menu-item-type-custom menu-item-object-custom menu-item-3340\"><a href=\"https:\/\/www.striker-ball.com\/?page_id=3334\">Contact<\/a><\/li>\n<\/ul>                <button class=\"eael-simple-menu-toggle\">\n                    <span class=\"sr-only \">Hamburger Toggle Menu<\/span>\n                    <i aria-hidden=\"true\" class=\"fas fa-bars\"><\/i>                <\/button>\n            <\/div>\n            \t\t\t\t<\/div>\n\t\t\t\t<\/div>\n\t\t\t\t\t<\/div>\n\t\t\t\t<\/div>\n\t\t<div class=\"elementor-element elementor-element-96c3b2c e-flex e-con-boxed e-con e-parent\" data-id=\"96c3b2c\" data-element_type=\"container\" data-settings=\"{&quot;_ha_eqh_enable&quot;:false}\">\n\t\t\t\t\t<div class=\"e-con-inner\">\n\t\t\t\t<div class=\"elementor-element elementor-element-b7884d3 elementor-widget elementor-widget-text-editor\" data-id=\"b7884d3\" data-element_type=\"widget\" data-widget_type=\"text-editor.default\">\n\t\t\t\t<div class=\"elementor-widget-container\">\n\t\t\t\t\t\t\t\t\t<h4>STRIKER BALL<\/h4><p>Inscrite au RCS de Pontoise sous le num\u00e9ro 877 820 993.<br \/>Soci\u00e9t\u00e9 par Actions Simplifi\u00e9e (SAS) au capital social de 5 000 euros.<br \/>Dont le si\u00e8ge social se trouve au 3 place saint just 95100 ARGENTEUIL.<br \/>Repr\u00e9sent\u00e9e par le G\u00e9rant Sofiane BENTAYEB.<br \/>T\u00e9l :+33 (0)6 32 53 90 78<\/p><p>Vous disposez d\u2019un droit d\u2019acc\u00e8s, de modification, de rectification et de suppression des donn\u00e9es qui vous concernent conform\u00e9ment \u00e0 la loi fran\u00e7aise N\u00b0 78-17 du 6 janvier 1978 relative \u00e0 l\u2019informatique, aux fichiers et aux libert\u00e9s.<br \/>Pour l\u2019exercer, adressez-vous \u00e0 : s.bentayeb@striker-ball.com<\/p><h4>H\u00e9b\u00e9rgement : O2SWITCH<\/h4><p>Ce Site est h\u00e9berg\u00e9 par la soci\u00e9t\u00e9 O2Switch SAS au capital de 100 000\u20ac immatricul\u00e9e au registre du commerce RCS Clermont Ferrand \u2013 Siret : 510 909 807 00032.<\/p><p>Site web h\u00e9bergeur\u00a0:\u00a0<a href=\"https:\/\/www.o2switch.fr\/\">https:\/\/www.o2switch.fr\/<\/a><br \/>Contact h\u00e9bergeur\u00a0:\u00a0<a href=\"mailto:support@o2switch.fr\">support@o2switch.fr<\/a><br \/>T\u00e9l h\u00e9bergeur\u00a0: +33 4 44 44 60 40<br \/>NB : L\u2019article 6, I, 4\u00b0 de la loi 2004-575 du 21 juin 2004 dispose :\u2028 &lsquo;Le fait, pour toute personne, de pr\u00e9senter \u00e0 l\u2019h\u00e9bergeur du site un contenu ou une activit\u00e9 comme \u00e9tant illicite dans le but d\u2019en obtenir le retrait ou d\u2019en faire cesser la diffusion, alors qu\u2019elle sait cette information inexacte, est puni d\u2019une peine d\u2019un an d\u2019emprisonnement et de 15 000 euros d\u2019amende&rsquo;.<\/p>\t\t\t\t\t\t\t\t<\/div>\n\t\t\t\t<\/div>\n\t\t\t\t\t<\/div>\n\t\t\t\t<\/div>\n\t\t<div class=\"elementor-element elementor-element-e16e431 e-flex e-con-boxed e-con e-parent\" data-id=\"e16e431\" data-element_type=\"container\" data-settings=\"{&quot;background_background&quot;:&quot;classic&quot;,&quot;_ha_eqh_enable&quot;:false}\">\n\t\t\t\t\t<div class=\"e-con-inner\">\n\t\t<div class=\"elementor-element elementor-element-310ce6a e-con-full e-flex e-con e-child\" data-id=\"310ce6a\" data-element_type=\"container\" data-settings=\"{&quot;_ha_eqh_enable&quot;:false}\">\n\t\t\t\t<div class=\"elementor-element elementor-element-97693c8 elementor-widget__width-initial elementor-widget-tablet__width-initial elementor-widget elementor-widget-image\" data-id=\"97693c8\" data-element_type=\"widget\" data-widget_type=\"image.default\">\n\t\t\t\t<div class=\"elementor-widget-container\">\n\t\t\t\t\t\t\t\t\t\t\t\t\t\t\t\t<a href=\"https:\/\/www.striker-ball.com\/\">\n\t\t\t\t\t\t\t<img fetchpriority=\"high\" decoding=\"async\" width=\"580\" height=\"326\" src=\"https:\/\/www.striker-ball.com\/wp-content\/uploads\/2025\/05\/Logo-2-transparent-1024x576.png\" class=\"attachment-large size-large wp-image-2884\" alt=\"\" srcset=\"https:\/\/www.striker-ball.com\/wp-content\/uploads\/2025\/05\/Logo-2-transparent-1024x576.png 1024w, https:\/\/www.striker-ball.com\/wp-content\/uploads\/2025\/05\/Logo-2-transparent-300x169.png 300w, https:\/\/www.striker-ball.com\/wp-content\/uploads\/2025\/05\/Logo-2-transparent-768x432.png 768w, https:\/\/www.striker-ball.com\/wp-content\/uploads\/2025\/05\/Logo-2-transparent-1536x864.png 1536w, https:\/\/www.striker-ball.com\/wp-content\/uploads\/2025\/05\/Logo-2-transparent-1200x675.png 1200w, https:\/\/www.striker-ball.com\/wp-content\/uploads\/2025\/05\/Logo-2-transparent.png 1920w\" sizes=\"(max-width: 580px) 100vw, 580px\" \/>\t\t\t\t\t\t\t\t<\/a>\n\t\t\t\t\t\t\t\t\t\t\t\t\t\t\t<\/div>\n\t\t\t\t<\/div>\n\t\t\t\t<\/div>\n\t\t<div class=\"elementor-element elementor-element-0dfb8b5 e-flex e-con-boxed e-con e-child\" data-id=\"0dfb8b5\" data-element_type=\"container\" data-settings=\"{&quot;_ha_eqh_enable&quot;:false}\">\n\t\t\t\t\t<div class=\"e-con-inner\">\n\t\t\t\t<div class=\"elementor-element elementor-element-b03c9c5 elementor-widget elementor-widget-heading\" data-id=\"b03c9c5\" data-element_type=\"widget\" data-widget_type=\"heading.default\">\n\t\t\t\t<div class=\"elementor-widget-container\">\n\t\t\t\t\t<h6 class=\"elementor-heading-title elementor-size-default\">Suivez-nous sur<\/h6>\t\t\t\t<\/div>\n\t\t\t\t<\/div>\n\t\t\t\t\t<\/div>\n\t\t\t\t<\/div>\n\t\t<div class=\"elementor-element elementor-element-703dcd9 e-con-full e-flex e-con e-child\" data-id=\"703dcd9\" data-element_type=\"container\" data-settings=\"{&quot;_ha_eqh_enable&quot;:false}\">\n\t\t\t\t<div class=\"elementor-element elementor-element-ff4fde7 elementor-widget elementor-widget-image\" data-id=\"ff4fde7\" data-element_type=\"widget\" data-widget_type=\"image.default\">\n\t\t\t\t<div class=\"elementor-widget-container\">\n\t\t\t\t\t\t\t\t\t\t\t\t\t\t\t\t<a href=\"https:\/\/www.tiktok.com\/@_striker_ball\">\n\t\t\t\t\t\t\t<img decoding=\"async\" width=\"580\" height=\"201\" src=\"https:\/\/www.striker-ball.com\/wp-content\/uploads\/2025\/07\/Tiktok2-1.png\" class=\"attachment-large size-large wp-image-3245\" alt=\"\" srcset=\"https:\/\/www.striker-ball.com\/wp-content\/uploads\/2025\/07\/Tiktok2-1.png 696w, https:\/\/www.striker-ball.com\/wp-content\/uploads\/2025\/07\/Tiktok2-1-300x104.png 300w\" sizes=\"(max-width: 580px) 100vw, 580px\" \/>\t\t\t\t\t\t\t\t<\/a>\n\t\t\t\t\t\t\t\t\t\t\t\t\t\t\t<\/div>\n\t\t\t\t<\/div>\n\t\t\t\t<\/div>\n\t\t<div class=\"elementor-element elementor-element-d63fdcb e-con-full e-flex e-con e-child\" data-id=\"d63fdcb\" data-element_type=\"container\" data-settings=\"{&quot;_ha_eqh_enable&quot;:false}\">\n\t\t\t\t<div class=\"elementor-element elementor-element-4c0f5ac elementor-widget elementor-widget-image\" data-id=\"4c0f5ac\" data-element_type=\"widget\" data-widget_type=\"image.default\">\n\t\t\t\t<div class=\"elementor-widget-container\">\n\t\t\t\t\t\t\t\t\t\t\t\t\t\t\t\t<a href=\"https:\/\/www.instagram.com\/_striker_ball\/\">\n\t\t\t\t\t\t\t<img loading=\"lazy\" decoding=\"async\" width=\"580\" height=\"201\" src=\"https:\/\/www.striker-ball.com\/wp-content\/uploads\/2025\/07\/Insta2-1.png\" class=\"attachment-large size-large wp-image-3244\" alt=\"\" srcset=\"https:\/\/www.striker-ball.com\/wp-content\/uploads\/2025\/07\/Insta2-1.png 696w, https:\/\/www.striker-ball.com\/wp-content\/uploads\/2025\/07\/Insta2-1-300x104.png 300w\" sizes=\"(max-width: 580px) 100vw, 580px\" \/>\t\t\t\t\t\t\t\t<\/a>\n\t\t\t\t\t\t\t\t\t\t\t\t\t\t\t<\/div>\n\t\t\t\t<\/div>\n\t\t\t\t<\/div>\n\t\t\t\t\t<\/div>\n\t\t\t\t<\/div>\n\t\t<div class=\"elementor-element elementor-element-4bdbbcf e-grid e-con-boxed e-con e-parent\" data-id=\"4bdbbcf\" data-element_type=\"container\" data-settings=\"{&quot;background_background&quot;:&quot;classic&quot;,&quot;_ha_eqh_enable&quot;:false}\">\n\t\t\t\t\t<div class=\"e-con-inner\">\n\t\t\t\t<div class=\"elementor-element elementor-element-ba06cb2 premium-lq__none elementor-widget elementor-widget-premium-addon-button\" data-id=\"ba06cb2\" data-element_type=\"widget\" data-widget_type=\"premium-addon-button.default\">\n\t\t\t\t<div class=\"elementor-widget-container\">\n\t\t\t\t\t\r\n\r\n\t\t<a class=\"premium-button premium-button-none premium-btn-sm premium-button-none\" href=\"https:\/\/www.striker-ball.com\/?page_id=3488\">\r\n\t\t\t<div class=\"premium-button-text-icon-wrapper\">\r\n\t\t\t\t\r\n\t\t\t\t\t\t\t\t\t<span >\r\n\t\t\t\t\t\tMentions l\u00e9gales\t\t\t\t\t<\/span>\r\n\t\t\t\t\r\n\t\t\t\t\t\t\t<\/div>\r\n\r\n\t\t\t\r\n\t\t\t\r\n\t\t\t\r\n\t\t<\/a>\r\n\r\n\r\n\t\t\t\t\t\t<\/div>\n\t\t\t\t<\/div>\n\t\t\t\t<div class=\"elementor-element elementor-element-ed541a3 premium-lq__none elementor-widget elementor-widget-premium-addon-button\" data-id=\"ed541a3\" data-element_type=\"widget\" data-widget_type=\"premium-addon-button.default\">\n\t\t\t\t<div class=\"elementor-widget-container\">\n\t\t\t\t\t\r\n\r\n\t\t<a class=\"premium-button premium-button-none premium-btn-sm premium-button-none\" href=\"https:\/\/www.striker-ball.com\/?page_id=3353\">\r\n\t\t\t<div class=\"premium-button-text-icon-wrapper\">\r\n\t\t\t\t\r\n\t\t\t\t\t\t\t\t\t<span >\r\n\t\t\t\t\t\tCGV\t\t\t\t\t<\/span>\r\n\t\t\t\t\r\n\t\t\t\t\t\t\t<\/div>\r\n\r\n\t\t\t\r\n\t\t\t\r\n\t\t\t\r\n\t\t<\/a>\r\n\r\n\r\n\t\t\t\t\t\t<\/div>\n\t\t\t\t<\/div>\n\t\t\t\t<div class=\"elementor-element elementor-element-59fe141 premium-lq__none elementor-widget elementor-widget-premium-addon-button\" data-id=\"59fe141\" data-element_type=\"widget\" data-widget_type=\"premium-addon-button.default\">\n\t\t\t\t<div class=\"elementor-widget-container\">\n\t\t\t\t\t\r\n\r\n\t\t<a class=\"premium-button premium-button-none premium-btn-sm premium-button-none\" href=\"https:\/\/www.striker-ball.com\/?page_id=3487\">\r\n\t\t\t<div class=\"premium-button-text-icon-wrapper\">\r\n\t\t\t\t\r\n\t\t\t\t\t\t\t\t\t<span >\r\n\t\t\t\t\t\tPolitique de confidentialit\u00e9\t\t\t\t\t<\/span>\r\n\t\t\t\t\r\n\t\t\t\t\t\t\t<\/div>\r\n\r\n\t\t\t\r\n\t\t\t\r\n\t\t\t\r\n\t\t<\/a>\r\n\r\n\r\n\t\t\t\t\t\t<\/div>\n\t\t\t\t<\/div>\n\t\t\t\t\t<\/div>\n\t\t\t\t<\/div>\n\t\t\t\t<\/div>\n\t\t","protected":false},"excerpt":{"rendered":"<p>Activations La Rampe Striker Arc La rampe ultime Les Cibles Le Balancier Le Radar Les Planches Les Pods Footgolf Actualit\u00e9s \u00c0 propos Contact Hamburger Toggle Menu STRIKER BALL Inscrite au RCS de Pontoise sous le num\u00e9ro 877 820 993.Soci\u00e9t\u00e9 par Actions Simplifi\u00e9e (SAS) au capital social de 5 000 euros.Dont le si\u00e8ge social se trouve [&hellip;]<\/p>\n","protected":false},"author":1,"featured_media":0,"parent":2577,"menu_order":0,"comment_status":"closed","ping_status":"closed","template":"elementor_canvas","meta":{"_monsterinsights_skip_tracking":false,"_monsterinsights_sitenote_active":false,"_monsterinsights_sitenote_note":"","_monsterinsights_sitenote_category":0,"_joinchat":[],"footnotes":""},"class_list":["post-3488","page","type-page","status-publish","hentry"],"yoast_head":"<!-- This site is optimized with the Yoast SEO plugin v25.5 - https:\/\/yoast.com\/wordpress\/plugins\/seo\/ -->\n<title>Mentions L\u00e9gales - Striker-Ball<\/title>\n<meta name=\"description\" content=\"Striker Ball la start-up sp\u00e9cialis\u00e9e dans l&#039;\u00e9v\u00e9nementiel foot. Challenge national destin\u00e9 aux communes, entreprises et clubs. Organisation d&#039;anniversaire foot !\" \/>\n<meta name=\"robots\" content=\"index, follow, max-snippet:-1, max-image-preview:large, max-video-preview:-1\" \/>\n<link rel=\"canonical\" href=\"https:\/\/www.striker-ball.com\/?page_id=3488\" \/>\n<meta property=\"og:locale\" content=\"fr_FR\" \/>\n<meta property=\"og:type\" content=\"article\" \/>\n<meta property=\"og:title\" content=\"Mentions L\u00e9gales - Striker-Ball\" \/>\n<meta property=\"og:description\" content=\"Striker Ball la start-up sp\u00e9cialis\u00e9e dans l&#039;\u00e9v\u00e9nementiel foot. Challenge national destin\u00e9 aux communes, entreprises et clubs. Organisation d&#039;anniversaire foot !\" \/>\n<meta property=\"og:url\" content=\"https:\/\/www.striker-ball.com\/?page_id=3488\" \/>\n<meta property=\"og:site_name\" content=\"Striker-Ball\" \/>\n<meta property=\"article:modified_time\" content=\"2025-07-21T14:01:17+00:00\" \/>\n<meta property=\"og:image\" content=\"https:\/\/www.striker-ball.com\/wp-content\/uploads\/2021\/12\/cropped-Logo-2-transparent-1-e1639140556266.png\" \/>\n\t<meta property=\"og:image:width\" content=\"112\" \/>\n\t<meta property=\"og:image:height\" content=\"84\" \/>\n\t<meta property=\"og:image:type\" content=\"image\/png\" \/>\n<meta name=\"twitter:card\" content=\"summary_large_image\" \/>\n<meta name=\"twitter:label1\" content=\"Dur\u00e9e de lecture estim\u00e9e\" \/>\n\t<meta name=\"twitter:data1\" content=\"3 minutes\" \/>\n<script type=\"application\/ld+json\" class=\"yoast-schema-graph\">{\"@context\":\"https:\/\/schema.org\",\"@graph\":[{\"@type\":\"WebPage\",\"@id\":\"https:\/\/www.striker-ball.com\/?page_id=3488\",\"url\":\"https:\/\/www.striker-ball.com\/?page_id=3488\",\"name\":\"Mentions L\u00e9gales - Striker-Ball\",\"isPartOf\":{\"@id\":\"https:\/\/www.striker-ball.com\/#website\"},\"primaryImageOfPage\":{\"@id\":\"https:\/\/www.striker-ball.com\/?page_id=3488#primaryimage\"},\"image\":{\"@id\":\"https:\/\/www.striker-ball.com\/?page_id=3488#primaryimage\"},\"thumbnailUrl\":\"https:\/\/www.striker-ball.com\/wp-content\/uploads\/2021\/12\/cropped-Logo-2-transparent-1-e1639140556266.png\",\"datePublished\":\"2025-07-21T12:33:19+00:00\",\"dateModified\":\"2025-07-21T14:01:17+00:00\",\"description\":\"Striker Ball la start-up sp\u00e9cialis\u00e9e dans l'\u00e9v\u00e9nementiel foot. Challenge national destin\u00e9 aux communes, entreprises et clubs. Organisation d'anniversaire foot !\",\"breadcrumb\":{\"@id\":\"https:\/\/www.striker-ball.com\/?page_id=3488#breadcrumb\"},\"inLanguage\":\"fr-FR\",\"potentialAction\":[{\"@type\":\"ReadAction\",\"target\":[\"https:\/\/www.striker-ball.com\/?page_id=3488\"]}]},{\"@type\":\"ImageObject\",\"inLanguage\":\"fr-FR\",\"@id\":\"https:\/\/www.striker-ball.com\/?page_id=3488#primaryimage\",\"url\":\"https:\/\/www.striker-ball.com\/wp-content\/uploads\/2021\/12\/cropped-Logo-2-transparent-1-e1639140556266.png\",\"contentUrl\":\"https:\/\/www.striker-ball.com\/wp-content\/uploads\/2021\/12\/cropped-Logo-2-transparent-1-e1639140556266.png\",\"width\":112,\"height\":84},{\"@type\":\"BreadcrumbList\",\"@id\":\"https:\/\/www.striker-ball.com\/?page_id=3488#breadcrumb\",\"itemListElement\":[{\"@type\":\"ListItem\",\"position\":1,\"name\":\"Accueil\",\"item\":\"https:\/\/www.striker-ball.com\/\"},{\"@type\":\"ListItem\",\"position\":2,\"name\":\"Accueil 1\",\"item\":\"https:\/\/www.striker-ball.com\/\"},{\"@type\":\"ListItem\",\"position\":3,\"name\":\"Mentions L\u00e9gales\"}]},{\"@type\":\"WebSite\",\"@id\":\"https:\/\/www.striker-ball.com\/#website\",\"url\":\"https:\/\/www.striker-ball.com\/\",\"name\":\"Striker-Ball\",\"description\":\"Une entreprise proposant des activit\u00e9s ludiques et sportives\",\"publisher\":{\"@id\":\"https:\/\/www.striker-ball.com\/#organization\"},\"potentialAction\":[{\"@type\":\"SearchAction\",\"target\":{\"@type\":\"EntryPoint\",\"urlTemplate\":\"https:\/\/www.striker-ball.com\/?s={search_term_string}\"},\"query-input\":{\"@type\":\"PropertyValueSpecification\",\"valueRequired\":true,\"valueName\":\"search_term_string\"}}],\"inLanguage\":\"fr-FR\"},{\"@type\":\"Organization\",\"@id\":\"https:\/\/www.striker-ball.com\/#organization\",\"name\":\"Striker-Ball\",\"url\":\"https:\/\/www.striker-ball.com\/\",\"logo\":{\"@type\":\"ImageObject\",\"inLanguage\":\"fr-FR\",\"@id\":\"https:\/\/www.striker-ball.com\/#\/schema\/logo\/image\/\",\"url\":\"https:\/\/www.striker-ball.com\/wp-content\/uploads\/2021\/12\/cropped-Logo-2-transparent-1-e1639140556266.png\",\"contentUrl\":\"https:\/\/www.striker-ball.com\/wp-content\/uploads\/2021\/12\/cropped-Logo-2-transparent-1-e1639140556266.png\",\"width\":112,\"height\":84,\"caption\":\"Striker-Ball\"},\"image\":{\"@id\":\"https:\/\/www.striker-ball.com\/#\/schema\/logo\/image\/\"}}]}<\/script>\n<!-- \/ Yoast SEO plugin. -->","yoast_head_json":{"title":"Mentions L\u00e9gales - Striker-Ball","description":"Striker Ball la start-up sp\u00e9cialis\u00e9e dans l'\u00e9v\u00e9nementiel foot. Challenge national destin\u00e9 aux communes, entreprises et clubs. Organisation d'anniversaire foot !","robots":{"index":"index","follow":"follow","max-snippet":"max-snippet:-1","max-image-preview":"max-image-preview:large","max-video-preview":"max-video-preview:-1"},"canonical":"https:\/\/www.striker-ball.com\/?page_id=3488","og_locale":"fr_FR","og_type":"article","og_title":"Mentions L\u00e9gales - Striker-Ball","og_description":"Striker Ball la start-up sp\u00e9cialis\u00e9e dans l'\u00e9v\u00e9nementiel foot. Challenge national destin\u00e9 aux communes, entreprises et clubs. Organisation d'anniversaire foot !","og_url":"https:\/\/www.striker-ball.com\/?page_id=3488","og_site_name":"Striker-Ball","article_modified_time":"2025-07-21T14:01:17+00:00","og_image":[{"width":112,"height":84,"url":"https:\/\/www.striker-ball.com\/wp-content\/uploads\/2021\/12\/cropped-Logo-2-transparent-1-e1639140556266.png","type":"image\/png"}],"twitter_card":"summary_large_image","twitter_misc":{"Dur\u00e9e de lecture estim\u00e9e":"3 minutes"},"schema":{"@context":"https:\/\/schema.org","@graph":[{"@type":"WebPage","@id":"https:\/\/www.striker-ball.com\/?page_id=3488","url":"https:\/\/www.striker-ball.com\/?page_id=3488","name":"Mentions L\u00e9gales - Striker-Ball","isPartOf":{"@id":"https:\/\/www.striker-ball.com\/#website"},"primaryImageOfPage":{"@id":"https:\/\/www.striker-ball.com\/?page_id=3488#primaryimage"},"image":{"@id":"https:\/\/www.striker-ball.com\/?page_id=3488#primaryimage"},"thumbnailUrl":"https:\/\/www.striker-ball.com\/wp-content\/uploads\/2021\/12\/cropped-Logo-2-transparent-1-e1639140556266.png","datePublished":"2025-07-21T12:33:19+00:00","dateModified":"2025-07-21T14:01:17+00:00","description":"Striker Ball la start-up sp\u00e9cialis\u00e9e dans l'\u00e9v\u00e9nementiel foot. Challenge national destin\u00e9 aux communes, entreprises et clubs. Organisation d'anniversaire foot !","breadcrumb":{"@id":"https:\/\/www.striker-ball.com\/?page_id=3488#breadcrumb"},"inLanguage":"fr-FR","potentialAction":[{"@type":"ReadAction","target":["https:\/\/www.striker-ball.com\/?page_id=3488"]}]},{"@type":"ImageObject","inLanguage":"fr-FR","@id":"https:\/\/www.striker-ball.com\/?page_id=3488#primaryimage","url":"https:\/\/www.striker-ball.com\/wp-content\/uploads\/2021\/12\/cropped-Logo-2-transparent-1-e1639140556266.png","contentUrl":"https:\/\/www.striker-ball.com\/wp-content\/uploads\/2021\/12\/cropped-Logo-2-transparent-1-e1639140556266.png","width":112,"height":84},{"@type":"BreadcrumbList","@id":"https:\/\/www.striker-ball.com\/?page_id=3488#breadcrumb","itemListElement":[{"@type":"ListItem","position":1,"name":"Accueil","item":"https:\/\/www.striker-ball.com\/"},{"@type":"ListItem","position":2,"name":"Accueil 1","item":"https:\/\/www.striker-ball.com\/"},{"@type":"ListItem","position":3,"name":"Mentions L\u00e9gales"}]},{"@type":"WebSite","@id":"https:\/\/www.striker-ball.com\/#website","url":"https:\/\/www.striker-ball.com\/","name":"Striker-Ball","description":"Une entreprise proposant des activit\u00e9s ludiques et sportives","publisher":{"@id":"https:\/\/www.striker-ball.com\/#organization"},"potentialAction":[{"@type":"SearchAction","target":{"@type":"EntryPoint","urlTemplate":"https:\/\/www.striker-ball.com\/?s={search_term_string}"},"query-input":{"@type":"PropertyValueSpecification","valueRequired":true,"valueName":"search_term_string"}}],"inLanguage":"fr-FR"},{"@type":"Organization","@id":"https:\/\/www.striker-ball.com\/#organization","name":"Striker-Ball","url":"https:\/\/www.striker-ball.com\/","logo":{"@type":"ImageObject","inLanguage":"fr-FR","@id":"https:\/\/www.striker-ball.com\/#\/schema\/logo\/image\/","url":"https:\/\/www.striker-ball.com\/wp-content\/uploads\/2021\/12\/cropped-Logo-2-transparent-1-e1639140556266.png","contentUrl":"https:\/\/www.striker-ball.com\/wp-content\/uploads\/2021\/12\/cropped-Logo-2-transparent-1-e1639140556266.png","width":112,"height":84,"caption":"Striker-Ball"},"image":{"@id":"https:\/\/www.striker-ball.com\/#\/schema\/logo\/image\/"}}]}},"_links":{"self":[{"href":"https:\/\/www.striker-ball.com\/index.php?rest_route=\/wp\/v2\/pages\/3488","targetHints":{"allow":["GET"]}}],"collection":[{"href":"https:\/\/www.striker-ball.com\/index.php?rest_route=\/wp\/v2\/pages"}],"about":[{"href":"https:\/\/www.striker-ball.com\/index.php?rest_route=\/wp\/v2\/types\/page"}],"author":[{"embeddable":true,"href":"https:\/\/www.striker-ball.com\/index.php?rest_route=\/wp\/v2\/users\/1"}],"replies":[{"embeddable":true,"href":"https:\/\/www.striker-ball.com\/index.php?rest_route=%2Fwp%2Fv2%2Fcomments&post=3488"}],"version-history":[{"count":7,"href":"https:\/\/www.striker-ball.com\/index.php?rest_route=\/wp\/v2\/pages\/3488\/revisions"}],"predecessor-version":[{"id":3539,"href":"https:\/\/www.striker-ball.com\/index.php?rest_route=\/wp\/v2\/pages\/3488\/revisions\/3539"}],"up":[{"embeddable":true,"href":"https:\/\/www.striker-ball.com\/index.php?rest_route=\/wp\/v2\/pages\/2577"}],"wp:attachment":[{"href":"https:\/\/www.striker-ball.com\/index.php?rest_route=%2Fwp%2Fv2%2Fmedia&parent=3488"}],"curies":[{"name":"wp","href":"https:\/\/api.w.org\/{rel}","templated":true}]}}